{"id":2,"date":"2025-05-14T17:34:16","date_gmt":"2025-05-14T15:34:16","guid":{"rendered":"https:\/\/rovelovewypozyczalnia.pl\/?page_id=2"},"modified":"2025-05-16T10:15:49","modified_gmt":"2025-05-16T08:15:49","slug":"przykladowa-strona","status":"publish","type":"page","link":"https:\/\/rovelovewypozyczalnia.pl\/?page_id=2","title":{"rendered":"Regulamin"},"content":{"rendered":"\n<p><\/p>\n\n\n\n<ol class=\"wp-block-list\">\n<li>Wypo\u017cyczane rowery, sprz\u0119t i akcesoria s\u0105 w\u0142asno\u015bci\u0105 \u201eROVELOVE\u201d.<\/li>\n\n\n\n<li>Wypo\u017cyczenie oraz zwrot rower\u00f3w odbywa si\u0119 w miejscu i czasie ustalonym pomi\u0119dzy stronami.<\/li>\n\n\n\n<li>Osoba wypo\u017cyczaj\u0105ca rower nie mo\u017ce by\u0107 pod wp\u0142ywem alkoholu oraz innych \u015brodk\u00f3w odurzaj\u0105cych, substancji psychotropowych lub \u015brodk\u00f3w zast\u0119pczych w rozumieniu przepis\u00f3w o przeciwdzia\u0142aniu narkomanii; innych lek\u00f3w, kt\u00f3re z definicji zabraniaj\u0105, lub zalecaj\u0105 powstrzymanie si\u0119 od kierowania pojazdami.<\/li>\n\n\n\n<li>Osoba poni\u017cej 16 roku \u017cycia mo\u017ce wypo\u017cyczy\u0107 rower wy\u0142\u0105cznie za zgod\u0105 osoby pe\u0142noletniej upowa\u017cnionej do pieczy na ma\u0142oletnim, kt\u00f3ra bierze pe\u0142n\u0105 odpowiedzialno\u015b\u0107 za wypo\u017cyczony rower oraz osob\u0119 z niego korzystaj\u0105c\u0105.<\/li>\n\n\n\n<li>Wypo\u017cyczaj\u0105cy rower zobowi\u0105zuje si\u0119:<br>\u2022 Przedstawi\u0107 dow\u00f3d osobisty lub inny dokument ze zdj\u0119ciem (prawo jazdy lub paszport), w celu spisania danych niezb\u0119dnych do zawarcia umowy.<br>\u2022 Podpisa\u0107 umow\u0119 wypo\u017cyczenia roweru oznaczaj\u0105c\u0105 akceptacj\u0119 zasad oraz regulamin wypo\u017cyczalni.<br>\u2022 Wnie\u015b\u0107 op\u0142at\u0119 z g\u00f3ry got\u00f3wk\u0105 (lub po wcze\u015bniejszym ustaleniu &#8211; przelewem) za wypo\u017cyczenie roweru wed\u0142ug cennika.<br>\u2022 Przestrzega\u0107 zakazu u\u017cyczania rower\u00f3w osobom trzecim.<br>\u2022 Korzysta\u0107 z rower\u00f3w wy\u0142\u0105cznie w celach niekomercyjnych i wy\u0142\u0105cznie dla u\u017cytku osobistego.<br>\u2022 Nie u\u017cywa\u0107 rower\u00f3w w celu wycieczek g\u00f3rskich, skok\u00f3w, sztuczek kaskaderskich, wy\u015bcig\u00f3w, itp.<br>\u2022 Pokry\u0107 koszty naprawy wypo\u017cyczonego roweru oraz jego wyposa\u017cenia, wynik\u0142ych z niew\u0142a\u015bciwego u\u017cytkowania sprz\u0119tu oraz nieprzestrzegania przepis\u00f3w prawa obowi\u0105zuj\u0105cych w Polsce oraz przepis\u00f3w Kodeksu Ruchu Drogowego.<br>\u2022 Pokry\u0107 koszty zakupu nowego roweru w przypadku ca\u0142kowitego zniszczenia lub jego utraty.<br>\u2022 Niezw\u0142ocznie powiadomi\u0107 Wypo\u017cyczalni\u0119 i Policj\u0119 w przypadku kradzie\u017cy roweru.<\/li>\n\n\n\n<li>Wypo\u017cyczony rower jest sprawny technicznie i w takim stanie powinien zosta\u0107 zwr\u00f3cony wypo\u017cyczalni.<\/li>\n\n\n\n<li>Je\u015bli w trakcie obowi\u0105zywania umowy nast\u0105pi awaria sprz\u0119tu, Wypo\u017cyczaj\u0105cy zobowi\u0105zany jest do niezw\u0142ocznego powiadomienia Wypo\u017cyczalni. Wypo\u017cyczalnia zapewnia serwis w przypadku wyst\u0105pienia awarii. Czas oczekiwania na pomoc uzale\u017cniony jest od odleg\u0142o\u015bci, w jakiej znajduje si\u0119 Wypo\u017cyczaj\u0105cy. U\u017cytkownik nie powinien dokonywa\u0107 napraw, chyba \u017ce strony ustal\u0105 inaczej.<\/li>\n\n\n\n<li>Wypo\u017cyczaj\u0105cy zobowi\u0105zuje si\u0119 do u\u017cytkowania sprz\u0119tu zgodnie z jego przeznaczeniem i jednocze\u015bnie ponosi pe\u0142n\u0105 odpowiedzialno\u015b\u0107 za ewentualne zdarzenia wynikaj\u0105ce z jego nieodpowiedniego korzystania.<\/li>\n\n\n\n<li>Pozostawienie roweru zabezpieczonego zapi\u0119ciem rowerowym nie zwalnia wypo\u017cyczaj\u0105cego z odpowiedzialno\u015bci za kradzie\u017c wynikaj\u0105c\u0105 z braku nadzoru nad wypo\u017cyczonym sprz\u0119tem.<\/li>\n\n\n\n<li>Wypo\u017cyczaj\u0105cy zrzeka si\u0119 wszelkich roszcze\u0144 wobec Wypo\u017cyczalni ROVELOVE s.c. z tytu\u0142u wypadk\u00f3w, poniesionych szk\u00f3d lub obra\u017ce\u0144 powsta\u0142ych w czasie korzystania z wypo\u017cyczonego sprz\u0119tu.<\/li>\n\n\n\n<li>Pracownik wypo\u017cyczalni ma prawo odm\u00f3wi\u0107 wypo\u017cyczenia roweru bez podania przyczyny.<\/li>\n\n\n\n<li>Zwrot roweru powinien nast\u0105pi\u0107 w terminie zadeklarowanym na umowie wypo\u017cyczenia, za nieuzasadnione i nieuzgodnione op\u00f3\u017anienia Wypo\u017cyczalnia mo\u017ce naliczy\u0107 dodatkow\u0105 op\u0142at\u0119. W przypadku braku kontaktu z wypo\u017cyczaj\u0105cym w terminie do 12h od ustalonej daty i godziny zwrotu sprz\u0119tu, Wypo\u017cyczalnia powiadamia Policj\u0119 o przyw\u0142aszczeniu sprz\u0119tu.<\/li>\n\n\n\n<li>Wypo\u017cyczaj\u0105cy wyra\u017ca zgod\u0119 na udost\u0119pnienie swoich danych osobowych w celu podpisania umowy wypo\u017cyczenia.<\/li>\n<\/ol>\n\n\n\n<p><strong>KLAUZULA RODO<\/strong><br>Zgodnie z art. 13 ust. 1-2 ROZPORZ\u0104DZENIA PARLAMENTU EUROPY I RADY (UE) 2016\/679 z dnia 27 kwietnia 20016 r. w sprawie ochrony os\u00f3b fizycznych w zwi\u0105zku z przetwarzaniem danych osobowych i w sprawie swobodnego przep\u0142ywu takich danych oraz uchylenia dyrektywy 95\/46\/WE (Dz. Urz. UE L nr 119 z 04.05.2016 r. s.1 dalej jako RODO)<br>Informuj\u0119 i\u017c: <br>1. Administratorem Pani\/Pana Danych Osobowych jest: Pawe\u0142 Czajka \u201eROVELOVE\u201d <br>2. Kontakt: tel. +48725979071, +48515083963, +48535800186 e-mail: rovelove.podhale@gmail.com <br>3. Cel przetwarzania: Pani\/Pana dane osobowe przetwarzane b\u0119d\u0105 w celu realizacji umowy wypo\u017cyczenia i nie b\u0119d\u0105 udost\u0119pniane innym odbiorcom. Podstaw\u0105 przetwarzania Pani\/Pana danych osobowych jest umowa zawarta w formie pisemnej oraz przepisy prawa handlowego i podatkowego. Podanie danych jest niezb\u0119dne do zawarcia umowy, w przypadku niepodania danych niemo\u017cliwe jest zawarcie umowy. <br>4. Posiada Pani\/Pan prawo do: \u017c\u0105dania od Administratora dost\u0119pu do swoich danych osobowych, ich sprostowania, usuni\u0119cia lub ograniczenia przetwarzania danych osobowych, wniesienia sprzeciwu wobec takiego przetwarzania, wniesienia skargi do organu nadzorczego. <br>5. Dane osobowe nie b\u0119d\u0105 przekazywane innym podmiotom w celach marketingowych. 6.Pani\/Pana dane osobowe b\u0119d\u0105 przechowywane przez okres 10lat po zako\u0144czeniu \u015bwiadczenia us\u0142ugi w zwi\u0105zku z terminem przedawnienia roszcze\u0144 oraz do odwo\u0142ania zgody w przypadku jej udzielenia.<\/p>\n","protected":false},"excerpt":{"rendered":"<p>KLAUZULA RODOZgodnie z art. 13 ust. 1-2 ROZPORZ\u0104DZENIA PARLAMENTU EUROPY I RADY (UE) 2016\/679 z dnia 27 kwietnia 20016 r. [&hellip;]<\/p>\n","protected":false},"author":1,"featured_media":701,"parent":0,"menu_order":0,"comment_status":"closed","ping_status":"open","template":"","meta":{"footnotes":""},"class_list":["post-2","page","type-page","status-publish","has-post-thumbnail","hentry"],"_links":{"self":[{"href":"https:\/\/rovelovewypozyczalnia.pl\/index.php?rest_route=\/wp\/v2\/pages\/2","targetHints":{"allow":["GET"]}}],"collection":[{"href":"https:\/\/rovelovewypozyczalnia.pl\/index.php?rest_route=\/wp\/v2\/pages"}],"about":[{"href":"https:\/\/rovelovewypozyczalnia.pl\/index.php?rest_route=\/wp\/v2\/types\/page"}],"author":[{"embeddable":true,"href":"https:\/\/rovelovewypozyczalnia.pl\/index.php?rest_route=\/wp\/v2\/users\/1"}],"replies":[{"embeddable":true,"href":"https:\/\/rovelovewypozyczalnia.pl\/index.php?rest_route=%2Fwp%2Fv2%2Fcomments&post=2"}],"version-history":[{"count":6,"href":"https:\/\/rovelovewypozyczalnia.pl\/index.php?rest_route=\/wp\/v2\/pages\/2\/revisions"}],"predecessor-version":[{"id":824,"href":"https:\/\/rovelovewypozyczalnia.pl\/index.php?rest_route=\/wp\/v2\/pages\/2\/revisions\/824"}],"wp:featuredmedia":[{"embeddable":true,"href":"https:\/\/rovelovewypozyczalnia.pl\/index.php?rest_route=\/wp\/v2\/media\/701"}],"wp:attachment":[{"href":"https:\/\/rovelovewypozyczalnia.pl\/index.php?rest_route=%2Fwp%2Fv2%2Fmedia&parent=2"}],"curies":[{"name":"wp","href":"https:\/\/api.w.org\/{rel}","templated":true}]}}