{"id":235,"date":"2021-07-12T11:15:22","date_gmt":"2021-07-12T11:15:22","guid":{"rendered":"https:\/\/szablon.pawelkepa.pl\/demo1\/?page_id=235"},"modified":"2025-05-15T20:02:47","modified_gmt":"2025-05-15T18:02:47","slug":"uslugi","status":"publish","type":"page","link":"https:\/\/rovelovewypozyczalnia.pl\/?page_id=235","title":{"rendered":"Mobilna wypo\u017cyczalnia"},"content":{"rendered":"\n<div class=\"wp-block-getwid-section alignfull alignfull getwid-anim zoomIn getwid-section-content-custom-width\" data-wow-duration=\"1500ms\" data-wow-delay=\"200ms\"><div class=\"wp-block-getwid-section__wrapper getwid-padding-bottom-none getwid-padding-left-medium getwid-padding-right-medium\" style=\"padding-top:80px\"><div class=\"wp-block-getwid-section__inner-wrapper\" style=\"max-width:1140px\"><div class=\"wp-block-getwid-section__background-holder\"><div class=\"wp-block-getwid-section__background\"><\/div><div class=\"wp-block-getwid-section__foreground\"><\/div><\/div><div class=\"wp-block-getwid-section__content\"><div class=\"wp-block-getwid-section__inner-content\">\n<div class=\"wp-block-columns are-vertically-aligned-top is-layout-flex wp-container-core-columns-is-layout-9d6595d7 wp-block-columns-is-layout-flex\">\n<div class=\"wp-block-column is-vertically-aligned-top is-layout-flow wp-block-column-is-layout-flow\" style=\"flex-basis:33.33%\">\n<figure class=\"wp-block-image size-large roundedimg\"><img loading=\"lazy\" decoding=\"async\" width=\"768\" height=\"1024\" src=\"https:\/\/rovelovewypozyczalnia.pl\/wp-content\/uploads\/2025\/05\/IMG_20210603_165536-1-768x1024.jpg\" alt=\"\" class=\"wp-image-712\" srcset=\"https:\/\/rovelovewypozyczalnia.pl\/wp-content\/uploads\/2025\/05\/IMG_20210603_165536-1-768x1024.jpg 768w, https:\/\/rovelovewypozyczalnia.pl\/wp-content\/uploads\/2025\/05\/IMG_20210603_165536-1-225x300.jpg 225w, https:\/\/rovelovewypozyczalnia.pl\/wp-content\/uploads\/2025\/05\/IMG_20210603_165536-1-1152x1536.jpg 1152w, https:\/\/rovelovewypozyczalnia.pl\/wp-content\/uploads\/2025\/05\/IMG_20210603_165536-1-1536x2048.jpg 1536w, https:\/\/rovelovewypozyczalnia.pl\/wp-content\/uploads\/2025\/05\/IMG_20210603_165536-1-scaled.jpg 1920w\" sizes=\"auto, (max-width: 768px) 100vw, 768px\" \/><\/figure>\n\n\n\n<div style=\"height:60px\" aria-hidden=\"true\" class=\"wp-block-spacer\"><\/div>\n<\/div>\n\n\n\n<div class=\"wp-block-column is-vertically-aligned-top is-layout-flow wp-block-column-is-layout-flow\" style=\"flex-basis:66.66%\">\n<div class=\"wp-block-getwid-advanced-heading\"><span class=\"wp-block-getwid-advanced-heading__content has-text-color\" style=\"color:#6cbe03\"><strong>Nasze us\u0142ugi<\/strong><\/span><\/div>\n\n\n\n<h2 class=\"wp-block-heading\">Co mo\u017cemy dla Ciebie zrobi\u0107?<\/h2>\n\n\n\n<div style=\"height:30px\" aria-hidden=\"true\" class=\"wp-block-spacer\"><\/div>\n\n\n\n<p>Dzia\u0142amy mobilnie na terenie Podhala, Spisza, Pienin i okolic. Po wcze\u015bniejszej rezerwacji telefonicznej dowozimy sprz\u0119t w ustalone miejsce &#8211; mo\u017ce to by\u0107 obiekt noclegowy, parking, pocz\u0105tek trasy rowerowej, prywatny dom itp. Po zako\u0144czonej przeja\u017cd\u017cce odbieramy rower w dogodnym dla Ciebie miejscu. Do ka\u017cdego roweru mo\u017cemy do\u0142\u0105czy\u0107 map\u0119 tras rowerowych z ca\u0142ego regionu. Opr\u00f3cz informacji zamieszczonych na stronie i w mapach ch\u0119tnie sami pomo\u017cemy i podpowiemy gdzie wybra\u0107 si\u0119 na wycieczk\u0119 w zale\u017cno\u015bci od Twojego po\u0142o\u017cenia.<\/p>\n\n\n\n<div class=\"wp-block-buttons is-layout-flex wp-block-buttons-is-layout-flex\">\n<div class=\"wp-block-button btn\"><a class=\"wp-block-button__link has-background wp-element-button\" href=\"tel:+48725979071\" style=\"border-radius:40px;background-color:#c8e064\"><strong>Zarezerwuj rower<\/strong><\/a><\/div>\n<\/div>\n\n\n\n<div style=\"height:60px\" aria-hidden=\"true\" class=\"wp-block-spacer\"><\/div>\n<\/div>\n<\/div>\n<\/div><\/div><\/div><\/div><\/div>\n\n\n\n<div class=\"wp-block-getwid-section alignfull getwid-section-content-custom-width\"><div class=\"wp-block-getwid-section__wrapper getwid-padding-top-large getwid-padding-bottom-large getwid-padding-left-medium getwid-padding-right-medium\" style=\"min-height:70vh\"><div class=\"wp-block-getwid-section__inner-wrapper\" style=\"max-width:1140px\"><div class=\"wp-block-getwid-section__background-holder\"><div class=\"wp-block-getwid-section__background\" style=\"background-image:url('https:\/\/rovelovewypozyczalnia.pl\/wp-content\/uploads\/2025\/05\/IMG_20210603_125256-1-scaled.jpg')\"><div class=\"wp-block-getwid-section__background-image-wrapper\"><img decoding=\"async\" class=\"wp-block-getwid-section__background-image\" src=\"https:\/\/rovelovewypozyczalnia.pl\/wp-content\/uploads\/2025\/05\/IMG_20210603_125256-1-scaled.jpg\" alt=\"\"\/><\/div><\/div><div class=\"wp-block-getwid-section__foreground\" style=\"opacity:0.65;background-color:#000000\"><\/div><\/div><div class=\"wp-block-getwid-section__content\"><div class=\"wp-block-getwid-section__inner-content\">\n<div class=\"wp-block-getwid-advanced-heading\" style=\"margin-bottom:0px;margin-top:0px\"><span class=\"wp-block-getwid-advanced-heading__content has-text-color\" style=\"text-align:left;color:#ffffff\">Z nami mo\u017cesz wi\u0119cej<\/span><\/div>\n\n\n\n<div class=\"wp-block-getwid-advanced-heading\" style=\"margin-bottom:30px;margin-top:10px\"><h2 class=\"wp-block-getwid-advanced-heading__content has-text-color\" style=\"text-align:left;color:#ffffff\">Nasze okolice to malownicze szlaki z widokami na jezioro i g\u00f3ry!<\/h2><\/div>\n\n\n\n<div class=\"wp-block-getwid-advanced-spacer\" style=\"height:20px\" aria-hidden=\"true\"><\/div>\n\n\n\n<div class=\"wp-block-button btn\"><a class=\"wp-block-button__link has-white-color has-text-color has-background wp-element-button\" href=\"#\" style=\"border-radius:40px;background-color:#c8e064\"><strong>Skontaktuj si\u0119 z nami<\/strong><\/a><\/div>\n<\/div><\/div><\/div><\/div><\/div>\n\n\n\n<div class=\"wp-block-getwid-section getwid-section-content-full-width\"><div class=\"wp-block-getwid-section__wrapper getwid-padding-top-none getwid-padding-bottom-none getwid-padding-left-none getwid-padding-right-none\"><div class=\"wp-block-getwid-section__inner-wrapper\"><div class=\"wp-block-getwid-section__background-holder\"><div class=\"wp-block-getwid-section__background\"><\/div><div class=\"wp-block-getwid-section__foreground\"><\/div><\/div><div class=\"wp-block-getwid-section__content\"><div class=\"wp-block-getwid-section__inner-content\"><\/div><\/div><\/div><\/div><\/div>\n\n\n\n<div class=\"wp-block-getwid-section alignfull treningzywienie alignfull getwid-anim pulse getwid-section-content-custom-width\" data-wow-duration=\"1500ms\" data-wow-delay=\"200ms\"><div class=\"wp-block-getwid-section__wrapper getwid-padding-left-medium getwid-padding-right-medium\" style=\"padding-top:80px\"><div class=\"wp-block-getwid-section__inner-wrapper\" style=\"max-width:1140px\"><div class=\"wp-block-getwid-section__background-holder\"><div class=\"wp-block-getwid-section__background\"><\/div><div class=\"wp-block-getwid-section__foreground\"><\/div><\/div><div class=\"wp-block-getwid-section__content\"><div class=\"wp-block-getwid-section__inner-content\">\n<div class=\"wp-block-getwid-advanced-heading\" style=\"margin-bottom:0px;margin-top:0px\"><span class=\"wp-block-getwid-advanced-heading__content has-text-color\" style=\"text-align:center;color:#6cbe03\">ROWERY<\/span><\/div>\n\n\n\n<div class=\"wp-block-getwid-advanced-heading\" style=\"margin-bottom:30px;margin-top:10px\"><h2 class=\"wp-block-getwid-advanced-heading__content\" style=\"text-align:center\">W ofercie posiadamy trekkingowe rowery elektryczne polskiego producenta EcoBike.<\/h2><\/div>\n\n\n\n<div class=\"wp-block-getwid-advanced-spacer\" style=\"height:40px\" aria-hidden=\"true\"><\/div>\n\n\n\n<div class=\"wp-block-columns has-3-columns is-layout-flex wp-container-core-columns-is-layout-9d6595d7 wp-block-columns-is-layout-flex\">\n<div class=\"wp-block-column is-layout-flow wp-block-column-is-layout-flow\"><div class=\"wp-block-image is-style-default\">\n<figure class=\"aligncenter size-thumbnail\"><img loading=\"lazy\" decoding=\"async\" width=\"150\" height=\"150\" src=\"https:\/\/rovelovewypozyczalnia.pl\/wp-content\/uploads\/2025\/05\/2_2-1-150x150.jpg\" alt=\"\" class=\"wp-image-700\"\/><\/figure>\n<\/div>\n\n\n<div class=\"wp-block-getwid-advanced-heading\"><h4 class=\"wp-block-getwid-advanced-heading__content\" style=\"text-align:center\">Rower elektryczny<\/h4><\/div>\n\n\n\n<p class=\"has-text-align-center\"> Rowery zasilane s\u0105 bateri\u0105 o pojemno\u015bci 16Ah, co w praktyce oznacza zasi\u0119g na jednym \u0142adowaniu od 80km do 130km (uzale\u017cniony jest od kilku czynnik\u00f3w: waga u\u017cytkownika, nachylenie terenu, poziom wspomagania jazdy itp.). Obs\u0142uga roweru jest bardzo prosta i intuicyjna.<\/p>\n<\/div>\n\n\n\n<div class=\"wp-block-column is-layout-flow wp-block-column-is-layout-flow\"><div class=\"wp-block-image is-style-default\">\n<figure class=\"aligncenter size-thumbnail\"><img loading=\"lazy\" decoding=\"async\" width=\"150\" height=\"150\" src=\"https:\/\/rovelovewypozyczalnia.pl\/wp-content\/uploads\/2025\/05\/2_5-150x150.jpg\" alt=\"\" class=\"wp-image-667\"\/><\/figure>\n<\/div>\n\n\n<div class=\"wp-block-getwid-advanced-heading\"><h4 class=\"wp-block-getwid-advanced-heading__content\" style=\"text-align:center\">Komfort<\/h4><\/div>\n\n\n\n<p class=\"has-text-align-center\">Dzi\u0119ki wyprofilowanej ramie nasze rowery s\u0105 bardzo komfortowe w u\u017cytkowaniu, zar\u00f3wno dla kobiet, jak i m\u0119\u017cczyzn.<\/p>\n<\/div>\n\n\n\n<div class=\"wp-block-column is-layout-flow wp-block-column-is-layout-flow\"><div class=\"wp-block-image is-style-default\">\n<figure class=\"aligncenter size-thumbnail\"><img loading=\"lazy\" decoding=\"async\" width=\"150\" height=\"150\" src=\"https:\/\/rovelovewypozyczalnia.pl\/wp-content\/uploads\/2025\/05\/2_4-150x150.jpg\" alt=\"\" class=\"wp-image-684\"\/><\/figure>\n<\/div>\n\n\n<div class=\"wp-block-getwid-advanced-heading\"><h4 class=\"wp-block-getwid-advanced-heading__content\" style=\"text-align:center\">Wyposa\u017cenie<\/h4><\/div>\n\n\n\n<p class=\"has-text-align-center\">Ka\u017cdy rower wyposa\u017cony jest w o\u015bwietlenie, b\u0142otniki, baga\u017cnik, dzwonek, zapi\u0119cie, sakw\u0119, w kt\u00f3rej umieszczone jest rowerowe abc (ma\u0142y zestaw naprawczy + mapa) oraz podn\u00f3\u017cek.<br>Dodatkowo panel steruj\u0105cy z kolorowym wy\u015bwietlaczem, wyposa\u017cony w czujnik zmierzchu, kt\u00f3ry automatycznie w\u0142\u0105cza o\u015bwietlenie roweru po zmroku.<\/p>\n\n\n\n<p class=\"has-text-align-center\"><\/p>\n<\/div>\n<\/div>\n\n\n\n<div class=\"wp-block-columns has-3-columns is-layout-flex wp-container-core-columns-is-layout-9d6595d7 wp-block-columns-is-layout-flex\">\n<div class=\"wp-block-column is-layout-flow wp-block-column-is-layout-flow\"><div class=\"wp-block-image is-style-default\">\n<figure class=\"aligncenter size-thumbnail\"><img loading=\"lazy\" decoding=\"async\" width=\"150\" height=\"150\" src=\"https:\/\/rovelovewypozyczalnia.pl\/wp-content\/uploads\/2025\/05\/IMG_20210603_161753-150x150.jpg\" alt=\"\" class=\"wp-image-674\"\/><\/figure>\n<\/div>\n\n\n<div class=\"wp-block-getwid-advanced-heading\"><h4 class=\"wp-block-getwid-advanced-heading__content\" style=\"text-align:center\">Akcesoria<\/h4><\/div>\n\n\n\n<p class=\"has-text-align-center\"> Wypo\u017cyczaj\u0105c rower w naszej wypo\u017cyczalni oferujemy r\u00f3wnie\u017c akcesoria, kt\u00f3re mog\u0105 okaza\u0107 si\u0119 przydatne:<br>\u2013 kaski rowerowe<br>\u2013 foteliki dzieci\u0119ce (9-20kg)<br>\u2013 przyczepka rowerowa dla 1-2 dzieci (max. 40 kg)<\/p>\n\n\n\n<p class=\"has-text-align-center\"><\/p>\n<\/div>\n\n\n\n<div class=\"wp-block-column is-layout-flow wp-block-column-is-layout-flow\"><div class=\"wp-block-image is-style-default\">\n<figure class=\"aligncenter size-thumbnail\"><img loading=\"lazy\" decoding=\"async\" width=\"150\" height=\"150\" src=\"https:\/\/rovelovewypozyczalnia.pl\/wp-content\/uploads\/2025\/05\/IMG_20210807_164554-150x150.jpg\" alt=\"\" class=\"wp-image-704\"\/><\/figure>\n<\/div>\n\n\n<div class=\"wp-block-getwid-advanced-heading\"><h4 class=\"wp-block-getwid-advanced-heading__content\" style=\"text-align:center\">Gratisy<\/h4><\/div>\n\n\n\n<p class=\"has-text-align-center\">Aby Twoja wyprawa by\u0142a udana mamy dla Ciebie gratisy:<br>&#8211; mapy tras rowerowych<br>&#8211; dow\u00f3z 30km od Nowego Targu<br>&#8211; kask<br>&#8211; fotelik dla dziecka<\/p>\n<\/div>\n\n\n\n<div class=\"wp-block-column is-layout-flow wp-block-column-is-layout-flow\"><div class=\"wp-block-image is-style-default\">\n<figure class=\"aligncenter size-thumbnail\"><img loading=\"lazy\" decoding=\"async\" width=\"150\" height=\"150\" src=\"https:\/\/rovelovewypozyczalnia.pl\/wp-content\/uploads\/2025\/05\/IMG_8423-150x150.jpg\" alt=\"\" class=\"wp-image-709\"\/><\/figure>\n<\/div>\n\n\n<div class=\"wp-block-getwid-advanced-heading\"><h4 class=\"wp-block-getwid-advanced-heading__content\" style=\"text-align:center\">Trasy rowerowe<\/h4><\/div>\n\n\n\n<p class=\"has-text-align-center\">Nasz region to miejsce, w kt\u00f3rym ka\u017cdy mi\u0142o\u015bnik jazdy na rowerze znajdzie tras\u0119 odpowiedni\u0105 dla siebie. Najpopularniejsze trasy rowerowe w okolicy to:<br>Szlak Wok\u00f3\u0142 Tatr<br>Velo Dunajec<br>Velo Czorsztyn<\/p>\n<\/div>\n<\/div>\n\n\n\n<div class=\"wp-block-getwid-advanced-spacer getwid-hide-mobile\" style=\"height:41px\" aria-hidden=\"true\"><\/div>\n<\/div><\/div><\/div><\/div><\/div>\n\n\n\n<div class=\"wp-block-getwid-section alignfull alignfull getwid-anim zoomIn getwid-section-content-custom-width\" data-wow-duration=\"1500ms\" data-wow-delay=\"200ms\"><div class=\"wp-block-getwid-section__wrapper getwid-padding-top-none getwid-padding-bottom-none getwid-padding-left-medium getwid-padding-right-medium\"><div class=\"wp-block-getwid-section__inner-wrapper\" style=\"max-width:1140px\"><div class=\"wp-block-getwid-section__background-holder\"><div class=\"wp-block-getwid-section__background has-background\" style=\"background-color:#eef2fb\"><\/div><div class=\"wp-block-getwid-section__foreground\"><\/div><\/div><div class=\"wp-block-getwid-section__content\"><div class=\"wp-block-getwid-section__inner-content\">\n<div class=\"wp-block-getwid-section alignfull alignfull getwid-section-content-custom-width\"><div class=\"wp-block-getwid-section__wrapper\" style=\"padding-top:80px;padding-bottom:80px\"><div class=\"wp-block-getwid-section__inner-wrapper\" style=\"max-width:1140px\"><div class=\"wp-block-getwid-section__background-holder\"><div class=\"wp-block-getwid-section__background\"><\/div><div class=\"wp-block-getwid-section__foreground\"><\/div><\/div><div class=\"wp-block-getwid-section__content\"><div class=\"wp-block-getwid-section__inner-content\">\n<div class=\"wp-block-getwid-advanced-heading\" style=\"margin-bottom:0px;margin-top:0px\"><span class=\"wp-block-getwid-advanced-heading__content has-text-color\" style=\"text-align:center;color:#8ec038\">WYBIERZ PAKIET DLA SIEBIE<\/span><\/div>\n\n\n\n<div class=\"wp-block-getwid-advanced-heading\" style=\"margin-bottom:60px;margin-top:10px\"><h2 class=\"wp-block-getwid-advanced-heading__content\" style=\"text-align:center\">Cennik<\/h2><\/div>\n\n\n\n<div class=\"wp-block-columns has-3-columns is-layout-flex wp-container-core-columns-is-layout-9d6595d7 wp-block-columns-is-layout-flex\">\n<div class=\"wp-block-column is-layout-flow wp-block-column-is-layout-flow\">\n<div class=\"wp-block-getwid-price-box ramkacennik has-text-color\" style=\"color:#000000\"><p class=\"wp-block-getwid-price-box__title\"><strong>1 SZTUKA<\/strong><\/p><div class=\"wp-block-getwid-price-box__pricing\"><p class=\"wp-block-getwid-price-box__currency\">PLN<\/p><p class=\"wp-block-getwid-price-box__amount\">200<\/p><p class=\"wp-block-getwid-price-box__period\">\/dzie\u0144<\/p><\/div><ul class=\"wp-block-getwid-price-box__features\"><li>kask GRATIS<\/li><li>fotelik dla dziecka GRATIS<\/li><li>dow\u00f3z do 30km od Nowego Targu GRATIS<\/li><\/ul>\n<div class=\"wp-block-button\"><a class=\"wp-block-button__link has-text-color has-background wp-element-button\" href=\"#\" style=\"border-radius:40px;color:#ffffff;background-color:#c8e064\"><strong>Zam\u00f3w<\/strong><\/a><\/div>\n<\/div>\n<\/div>\n\n\n\n<div class=\"wp-block-column is-layout-flow wp-block-column-is-layout-flow\">\n<div class=\"wp-block-getwid-price-box ramkacenniksrodek has-text-color\" style=\"color:#000000\"><p class=\"wp-block-getwid-price-box__title\"> <strong>2-3 SZTUKI<\/strong><\/p><div class=\"wp-block-getwid-price-box__pricing\"><p class=\"wp-block-getwid-price-box__currency\">PLN<\/p><p class=\"wp-block-getwid-price-box__amount\">170<\/p><p class=\"wp-block-getwid-price-box__period\">\/dzie\u0144\/1szt.<\/p><\/div><ul class=\"wp-block-getwid-price-box__features\"><li>kask GRATIS<\/li><li>fotelik dla dziecka GRATIS<\/li><li>dow\u00f3z do 30km od Nowego Targu GRATIS<\/li><\/ul>\n<div class=\"wp-block-button\"><a class=\"wp-block-button__link has-black-background-color has-text-color has-background wp-element-button\" href=\"#\" style=\"border-radius:40px;color:#ffffff\"><strong>Zam\u00f3w<\/strong><\/a><\/div>\n<\/div>\n<\/div>\n\n\n\n<div class=\"wp-block-column is-layout-flow wp-block-column-is-layout-flow\">\n<div class=\"wp-block-getwid-price-box ramkacennik has-text-color has-black-color\"><p class=\"wp-block-getwid-price-box__title\"> <strong>4 SZTUKI i wi\u0119cej<\/strong><\/p><div class=\"wp-block-getwid-price-box__pricing\"><p class=\"wp-block-getwid-price-box__currency\">PLN<\/p><p class=\"wp-block-getwid-price-box__amount\">160<\/p><p class=\"wp-block-getwid-price-box__period\">\/dzie\u0144\/1szt.<\/p><\/div><ul class=\"wp-block-getwid-price-box__features\"><li>kask GRATIS<\/li><li>fotelik dla dziecka GRATIS<\/li><li>dow\u00f3z do 30km od Nowego Targu GRATIS<\/li><\/ul>\n<div class=\"wp-block-button\"><a class=\"wp-block-button__link has-text-color has-background wp-element-button\" href=\"#\" style=\"border-radius:40px;color:#ffffff;background-color:#c8e064\"><strong>Zam\u00f3w<\/strong><\/a><\/div>\n<\/div>\n<\/div>\n<\/div>\n\n\n\n<div class=\"wp-block-getwid-advanced-heading\" style=\"margin-bottom:0px;margin-top:0px\"><span class=\"wp-block-getwid-advanced-heading__content has-text-color\" style=\"text-align:center;color:#8ec038\">Przyczepka rowerowa: 40z\u0142\/dzie\u0144\/przy wypo\u017cyczeniu roweru.<\/span><\/div>\n<\/div><\/div><\/div><\/div><\/div>\n<\/div><\/div><\/div><\/div><\/div>\n\n\n\n<div class=\"wp-block-getwid-section alignfull alignfull getwid-anim pulse getwid-section-content-custom-width\" data-wow-duration=\"1500ms\" data-wow-delay=\"200ms\"><div class=\"wp-block-getwid-section__wrapper getwid-padding-bottom-none getwid-padding-left-medium getwid-padding-right-medium\" style=\"padding-top:80px\"><div class=\"wp-block-getwid-section__inner-wrapper\" style=\"max-width:1140px\"><div class=\"wp-block-getwid-section__background-holder\"><div class=\"wp-block-getwid-section__background\"><\/div><div class=\"wp-block-getwid-section__foreground\"><\/div><\/div><div class=\"wp-block-getwid-section__content\"><div class=\"wp-block-getwid-section__inner-content\">\n<div class=\"wp-block-columns are-vertically-aligned-top is-layout-flex wp-container-core-columns-is-layout-9d6595d7 wp-block-columns-is-layout-flex\">\n<div class=\"wp-block-column is-vertically-aligned-top is-layout-flow wp-block-column-is-layout-flow\" style=\"flex-basis:33.33%\">\n<figure class=\"wp-block-image size-large roundedimg\"><img loading=\"lazy\" decoding=\"async\" width=\"768\" height=\"1024\" src=\"https:\/\/rovelovewypozyczalnia.pl\/wp-content\/uploads\/2025\/05\/IMG_20210603_165347-768x1024.jpg\" alt=\"\" class=\"wp-image-734\" srcset=\"https:\/\/rovelovewypozyczalnia.pl\/wp-content\/uploads\/2025\/05\/IMG_20210603_165347-768x1024.jpg 768w, https:\/\/rovelovewypozyczalnia.pl\/wp-content\/uploads\/2025\/05\/IMG_20210603_165347-225x300.jpg 225w, https:\/\/rovelovewypozyczalnia.pl\/wp-content\/uploads\/2025\/05\/IMG_20210603_165347-1152x1536.jpg 1152w, https:\/\/rovelovewypozyczalnia.pl\/wp-content\/uploads\/2025\/05\/IMG_20210603_165347-1536x2048.jpg 1536w, https:\/\/rovelovewypozyczalnia.pl\/wp-content\/uploads\/2025\/05\/IMG_20210603_165347-scaled.jpg 1920w\" sizes=\"auto, (max-width: 768px) 100vw, 768px\" \/><\/figure>\n\n\n\n<div style=\"height:60px\" aria-hidden=\"true\" class=\"wp-block-spacer\"><\/div>\n<\/div>\n\n\n\n<div class=\"wp-block-column is-vertically-aligned-top is-layout-flow wp-block-column-is-layout-flow\" style=\"flex-basis:66.66%\">\n<div class=\"wp-block-getwid-advanced-heading\"><span class=\"wp-block-getwid-advanced-heading__content has-text-color\" style=\"color:#6cbe03\"><strong>WSP\u00d3\u0141PRACA<\/strong><\/span><\/div>\n\n\n\n<h2 class=\"wp-block-heading\">Masz obiekt turystyczny?<\/h2>\n\n\n\n<div style=\"height:30px\" aria-hidden=\"true\" class=\"wp-block-spacer\"><\/div>\n\n\n\n<p>Oferujemy atrakcyjn\u0105 mo\u017cliwo\u015b\u0107 nawi\u0105zania wsp\u00f3\u0142pracy z obiektami turystycznymi, takimi jak hotele, pensjonaty, agroturystyki, agencje turystyczne czy organizatorzy wycieczek. Nasza firma dostarcza w pe\u0142ni sprawne i regularnie serwisowane rowery bezpo\u015brednio do obiekt\u00f3w noclegowych, zapewniaj\u0105c wygod\u0119 zar\u00f3wno gospodarzom, jak i ich go\u015bciom. To doskona\u0142y spos\u00f3b na podniesienie atrakcyjno\u015bci oferty turystycznej i zapewnienie go\u015bciom dodatkowej formy aktywnego wypoczynku. Dzi\u0119ki naszej us\u0142udze obiekt zyskuje dodatkowy atut w oczach klient\u00f3w, co mo\u017ce realnie prze\u0142o\u017cy\u0107 si\u0119 na wi\u0119ksz\u0105 liczb\u0119 rezerwacji. Co wi\u0119cej, dla klient\u00f3w naszych partner\u00f3w oferujemy atrakcyjne rabaty, kt\u00f3re dodatkowo zach\u0119caj\u0105 do skorzystania z wypo\u017cyczalni.<\/p>\n\n\n\n<div class=\"wp-block-buttons is-layout-flex wp-block-buttons-is-layout-flex\">\n<div class=\"wp-block-button btn\"><a class=\"wp-block-button__link has-background wp-element-button\" href=\"tel:+48725979071\" style=\"border-radius:40px;background-color:#c8e064\"><strong>Zadzwo\u0144 i ustalmy szczeg\u00f3\u0142y!<\/strong><\/a><\/div>\n<\/div>\n\n\n\n<div style=\"height:60px\" aria-hidden=\"true\" class=\"wp-block-spacer\"><\/div>\n<\/div>\n<\/div>\n<\/div><\/div><\/div><\/div><\/div>\n\n\n\n<p><\/p>\n","protected":false},"excerpt":{"rendered":"","protected":false},"author":1,"featured_media":737,"parent":0,"menu_order":0,"comment_status":"closed","ping_status":"closed","template":"","meta":{"footnotes":""},"class_list":["post-235","page","type-page","status-publish","has-post-thumbnail","hentry"],"_links":{"self":[{"href":"https:\/\/rovelovewypozyczalnia.pl\/index.php?rest_route=\/wp\/v2\/pages\/235","targetHints":{"allow":["GET"]}}],"collection":[{"href":"https:\/\/rovelovewypozyczalnia.pl\/index.php?rest_route=\/wp\/v2\/pages"}],"about":[{"href":"https:\/\/rovelovewypozyczalnia.pl\/index.php?rest_route=\/wp\/v2\/types\/page"}],"author":[{"embeddable":true,"href":"https:\/\/rovelovewypozyczalnia.pl\/index.php?rest_route=\/wp\/v2\/users\/1"}],"replies":[{"embeddable":true,"href":"https:\/\/rovelovewypozyczalnia.pl\/index.php?rest_route=%2Fwp%2Fv2%2Fcomments&post=235"}],"version-history":[{"count":46,"href":"https:\/\/rovelovewypozyczalnia.pl\/index.php?rest_route=\/wp\/v2\/pages\/235\/revisions"}],"predecessor-version":[{"id":811,"href":"https:\/\/rovelovewypozyczalnia.pl\/index.php?rest_route=\/wp\/v2\/pages\/235\/revisions\/811"}],"wp:featuredmedia":[{"embeddable":true,"href":"https:\/\/rovelovewypozyczalnia.pl\/index.php?rest_route=\/wp\/v2\/media\/737"}],"wp:attachment":[{"href":"https:\/\/rovelovewypozyczalnia.pl\/index.php?rest_route=%2Fwp%2Fv2%2Fmedia&parent=235"}],"curies":[{"name":"wp","href":"https:\/\/api.w.org\/{rel}","templated":true}]}}